{"id":1198,"date":"2023-08-31T16:46:52","date_gmt":"2023-08-31T13:46:52","guid":{"rendered":"https:\/\/claritas.ee\/kaebuste-esitamise-kord\/"},"modified":"2023-08-31T16:46:52","modified_gmt":"2023-08-31T13:46:52","slug":"kaebuste-esitamise-kord","status":"publish","type":"page","link":"https:\/\/claritas.ee\/ru\/kaebuste-esitamise-kord\/","title":{"rendered":"Kaebuste esitamise kord"},"content":{"rendered":"<h3><strong>Kaebuste lahendamise kord<\/strong><\/h3>\n<p><strong>1. Sissejuhatus<\/strong><br \/>\n1.1. Kaebuste lahendmise korra eesm\u00e4rk on kaebuste ja ettepanekute v\u00f5imalikult kiire l\u00e4bivaatamine ja lahendamine.<br \/>\n1.2. Kaebuste lahendamise kord on kavandatud ja rakendatud klientide rahulolu ja teenuse osutamise kvaliteedi tagamiseks.<br \/>\n1.3. Kaebuste lahendamisel j\u00e4lgivad t\u00f6\u00f6tajad konfidentsiaalsuse n\u00f5udeid.<\/p>\n<p><strong>2. Kaebuste esitamine<\/strong><br \/>\n2.1. Kaebuse saab esitada paberkandjal administraatori k\u00e4tte v\u00f5i e-maili teel info@claritas.ee<br \/>\n2.2. Suuliselt v\u00f5ib kaebuse esitada eeldusel, et ei soovita kirjalikku vastust.<br \/>\n2.3. Keskuse personal lahendab kaebusi oma p\u00e4devuse piires.<br \/>\n2.4. Kaebus peab sisaldama kliendi nime, isikukoodi, telefoni numbrit, e-maili, kuup\u00e4eva, kaebuse sisu ja ettepanekut lahenduse osas.<\/p>\n<p><strong>3. Kaebuste menetlemine<\/strong><br \/>\n3.1. Kaebus edastatakse keskuse juhatusele, kes kogub kokku kaebust puudutava informatsiooni. Kaebuses m\u00e4rgitud t\u00f6\u00f6tajatelt v\u00f5etakse selgitused.<br \/>\n3.2. Keskuse juhatus koostab kaebusele vastuse ning informeerib sellest kaebuses m\u00e4rgitud t\u00f6\u00f6tajaid.<\/p>\n<p><strong>4. Kaebustele vastamine<\/strong><br \/>\n4.1. Kaebustele vastatakse 30 t\u00f6\u00f6p\u00e4eva jooksul. Keerulisemate olukordade puhul informeeritakse kaebuse esitajat ja pikendatakse t\u00e4htaega maksimaalselt kuni kahe kuuni.<br \/>\n4.2. Kaebuse esitajale edastatakse vastus tema poolt antud e-mailile.<br \/>\n4.3. Kaebustele ei vastata juhul kui :<br \/>\n4.3.1. Kaebuse esitanud isikut ei ole v\u00f5imalik tuvastada;<br \/>\n4.3.2. Kaebuse esitaja on kinnitanud, et ei vaja kirjalikku vastust;<br \/>\n4.3.3. Kaebuse sisu ei ole loetav v\u00f5i arusaadav.<\/p>\n<p><strong>5. Dokumentide s\u00e4ilitamine<\/strong><br \/>\n5.1. Kaebuste menetlemisel kogutud dokumente s\u00e4ilitatakse keskuses, kas siis paberkandjal v\u00f5i digitaalselt.<\/p>\n","protected":false},"excerpt":{"rendered":"<p>Kaebuste lahendamise kord 1. Sissejuhatus 1.1. Kaebuste lahendmise korra eesm\u00e4rk on kaebuste ja ettepanekute v\u00f5imalikult kiire l\u00e4bivaatamine ja lahendamine. 1.2. Kaebuste lahendamise kord on kavandatud ja rakendatud klientide rahulolu ja teenuse osutamise kvaliteedi tagamiseks. 1.3. Kaebuste lahendamisel j\u00e4lgivad t\u00f6\u00f6tajad konfidentsiaalsuse n\u00f5udeid. 2. Kaebuste esitamine 2.1. Kaebuse saab esitada paberkandjal administraatori k\u00e4tte v\u00f5i e-maili teel info@claritas.ee&hellip; <a class=\"more-link\" href=\"https:\/\/claritas.ee\/ru\/kaebuste-esitamise-kord\/\">\u0427\u0438\u0442\u0430\u0442\u044c \u0434\u0430\u043b\u0435\u0435 <span class=\"screen-reader-text\">Kaebuste esitamise kord<\/span><\/a><\/p>\n","protected":false},"author":6,"featured_media":1099,"parent":0,"menu_order":0,"comment_status":"closed","ping_status":"closed","template":"","meta":{"_acf_changed":false,"footnotes":""},"class_list":["post-1198","page","type-page","status-publish","has-post-thumbnail","hentry","entry"],"acf":[],"yoast_head":"<!-- This site is optimized with the Yoast SEO plugin v27.3 - https:\/\/yoast.com\/product\/yoast-seo-wordpress\/ -->\n<title>Kaebuste esitamise kord - Claritas<\/title>\n<meta name=\"robots\" content=\"index, follow, max-snippet:-1, max-image-preview:large, max-video-preview:-1\" \/>\n<link rel=\"canonical\" href=\"https:\/\/claritas.ee\/ru\/kaebuste-esitamise-kord\/\" \/>\n<meta property=\"og:locale\" content=\"ru_RU\" \/>\n<meta property=\"og:type\" content=\"article\" \/>\n<meta property=\"og:title\" content=\"Kaebuste esitamise kord - Claritas\" \/>\n<meta property=\"og:description\" content=\"Kaebuste lahendamise kord 1. Sissejuhatus 1.1. Kaebuste lahendmise korra eesm\u00e4rk on kaebuste ja ettepanekute v\u00f5imalikult kiire l\u00e4bivaatamine ja lahendamine. 1.2. Kaebuste lahendamise kord on kavandatud ja rakendatud klientide rahulolu ja teenuse osutamise kvaliteedi tagamiseks. 1.3. Kaebuste lahendamisel j\u00e4lgivad t\u00f6\u00f6tajad konfidentsiaalsuse n\u00f5udeid. 2. Kaebuste esitamine 2.1. Kaebuse saab esitada paberkandjal administraatori k\u00e4tte v\u00f5i e-maili teel info@claritas.ee&hellip; \u0427\u0438\u0442\u0430\u0442\u044c \u0434\u0430\u043b\u0435\u0435 Kaebuste esitamise kord\" \/>\n<meta property=\"og:url\" content=\"https:\/\/claritas.ee\/ru\/kaebuste-esitamise-kord\/\" \/>\n<meta property=\"og:site_name\" content=\"Claritas\" \/>\n<meta name=\"twitter:card\" content=\"summary_large_image\" \/>\n<meta name=\"twitter:label1\" content=\"\u041f\u0440\u0438\u043c\u0435\u0440\u043d\u043e\u0435 \u0432\u0440\u0435\u043c\u044f \u0434\u043b\u044f \u0447\u0442\u0435\u043d\u0438\u044f\" \/>\n\t<meta name=\"twitter:data1\" content=\"1 \u043c\u0438\u043d\u0443\u0442\u0430\" \/>\n<script type=\"application\/ld+json\" class=\"yoast-schema-graph\">{\"@context\":\"https:\\\/\\\/schema.org\",\"@graph\":[{\"@type\":\"WebPage\",\"@id\":\"https:\\\/\\\/claritas.ee\\\/ru\\\/kaebuste-esitamise-kord\\\/\",\"url\":\"https:\\\/\\\/claritas.ee\\\/ru\\\/kaebuste-esitamise-kord\\\/\",\"name\":\"Kaebuste esitamise kord - Claritas\",\"isPartOf\":{\"@id\":\"https:\\\/\\\/claritas.ee\\\/#website\"},\"primaryImageOfPage\":{\"@id\":\"https:\\\/\\\/claritas.ee\\\/ru\\\/kaebuste-esitamise-kord\\\/#primaryimage\"},\"image\":{\"@id\":\"https:\\\/\\\/claritas.ee\\\/ru\\\/kaebuste-esitamise-kord\\\/#primaryimage\"},\"thumbnailUrl\":\"https:\\\/\\\/claritas.ee\\\/wp-content\\\/uploads\\\/2023\\\/08\\\/eberhard-grossgasteiger-EcVGogpC1G4-unsplash.jpg\",\"datePublished\":\"2023-08-31T13:46:52+00:00\",\"breadcrumb\":{\"@id\":\"https:\\\/\\\/claritas.ee\\\/ru\\\/kaebuste-esitamise-kord\\\/#breadcrumb\"},\"inLanguage\":\"ru-RU\",\"potentialAction\":[{\"@type\":\"ReadAction\",\"target\":[\"https:\\\/\\\/claritas.ee\\\/ru\\\/kaebuste-esitamise-kord\\\/\"]}]},{\"@type\":\"ImageObject\",\"inLanguage\":\"ru-RU\",\"@id\":\"https:\\\/\\\/claritas.ee\\\/ru\\\/kaebuste-esitamise-kord\\\/#primaryimage\",\"url\":\"https:\\\/\\\/claritas.ee\\\/wp-content\\\/uploads\\\/2023\\\/08\\\/eberhard-grossgasteiger-EcVGogpC1G4-unsplash.jpg\",\"contentUrl\":\"https:\\\/\\\/claritas.ee\\\/wp-content\\\/uploads\\\/2023\\\/08\\\/eberhard-grossgasteiger-EcVGogpC1G4-unsplash.jpg\",\"width\":5472,\"height\":3648},{\"@type\":\"BreadcrumbList\",\"@id\":\"https:\\\/\\\/claritas.ee\\\/ru\\\/kaebuste-esitamise-kord\\\/#breadcrumb\",\"itemListElement\":[{\"@type\":\"ListItem\",\"position\":1,\"name\":\"Home\",\"item\":\"https:\\\/\\\/claritas.ee\\\/ru\\\/\"},{\"@type\":\"ListItem\",\"position\":2,\"name\":\"Kaebuste esitamise kord\"}]},{\"@type\":\"WebSite\",\"@id\":\"https:\\\/\\\/claritas.ee\\\/#website\",\"url\":\"https:\\\/\\\/claritas.ee\\\/\",\"name\":\"Claritas\",\"description\":\"Vaimse tervise kliinik\",\"publisher\":{\"@id\":\"https:\\\/\\\/claritas.ee\\\/#organization\"},\"potentialAction\":[{\"@type\":\"SearchAction\",\"target\":{\"@type\":\"EntryPoint\",\"urlTemplate\":\"https:\\\/\\\/claritas.ee\\\/?s={search_term_string}\"},\"query-input\":{\"@type\":\"PropertyValueSpecification\",\"valueRequired\":true,\"valueName\":\"search_term_string\"}}],\"inLanguage\":\"ru-RU\"},{\"@type\":\"Organization\",\"@id\":\"https:\\\/\\\/claritas.ee\\\/#organization\",\"name\":\"Claritas\",\"url\":\"https:\\\/\\\/claritas.ee\\\/\",\"logo\":{\"@type\":\"ImageObject\",\"inLanguage\":\"ru-RU\",\"@id\":\"https:\\\/\\\/claritas.ee\\\/#\\\/schema\\\/logo\\\/image\\\/\",\"url\":\"https:\\\/\\\/claritas.ee\\\/wp-content\\\/uploads\\\/2023\\\/11\\\/logo-2.svg\",\"contentUrl\":\"https:\\\/\\\/claritas.ee\\\/wp-content\\\/uploads\\\/2023\\\/11\\\/logo-2.svg\",\"caption\":\"Claritas\"},\"image\":{\"@id\":\"https:\\\/\\\/claritas.ee\\\/#\\\/schema\\\/logo\\\/image\\\/\"}}]}<\/script>\n<!-- \/ Yoast SEO plugin. -->","yoast_head_json":{"title":"Kaebuste esitamise kord - Claritas","robots":{"index":"index","follow":"follow","max-snippet":"max-snippet:-1","max-image-preview":"max-image-preview:large","max-video-preview":"max-video-preview:-1"},"canonical":"https:\/\/claritas.ee\/ru\/kaebuste-esitamise-kord\/","og_locale":"ru_RU","og_type":"article","og_title":"Kaebuste esitamise kord - Claritas","og_description":"Kaebuste lahendamise kord 1. Sissejuhatus 1.1. Kaebuste lahendmise korra eesm\u00e4rk on kaebuste ja ettepanekute v\u00f5imalikult kiire l\u00e4bivaatamine ja lahendamine. 1.2. Kaebuste lahendamise kord on kavandatud ja rakendatud klientide rahulolu ja teenuse osutamise kvaliteedi tagamiseks. 1.3. Kaebuste lahendamisel j\u00e4lgivad t\u00f6\u00f6tajad konfidentsiaalsuse n\u00f5udeid. 2. Kaebuste esitamine 2.1. Kaebuse saab esitada paberkandjal administraatori k\u00e4tte v\u00f5i e-maili teel info@claritas.ee&hellip; \u0427\u0438\u0442\u0430\u0442\u044c \u0434\u0430\u043b\u0435\u0435 Kaebuste esitamise kord","og_url":"https:\/\/claritas.ee\/ru\/kaebuste-esitamise-kord\/","og_site_name":"Claritas","twitter_card":"summary_large_image","twitter_misc":{"\u041f\u0440\u0438\u043c\u0435\u0440\u043d\u043e\u0435 \u0432\u0440\u0435\u043c\u044f \u0434\u043b\u044f \u0447\u0442\u0435\u043d\u0438\u044f":"1 \u043c\u0438\u043d\u0443\u0442\u0430"},"schema":{"@context":"https:\/\/schema.org","@graph":[{"@type":"WebPage","@id":"https:\/\/claritas.ee\/ru\/kaebuste-esitamise-kord\/","url":"https:\/\/claritas.ee\/ru\/kaebuste-esitamise-kord\/","name":"Kaebuste esitamise kord - Claritas","isPartOf":{"@id":"https:\/\/claritas.ee\/#website"},"primaryImageOfPage":{"@id":"https:\/\/claritas.ee\/ru\/kaebuste-esitamise-kord\/#primaryimage"},"image":{"@id":"https:\/\/claritas.ee\/ru\/kaebuste-esitamise-kord\/#primaryimage"},"thumbnailUrl":"https:\/\/claritas.ee\/wp-content\/uploads\/2023\/08\/eberhard-grossgasteiger-EcVGogpC1G4-unsplash.jpg","datePublished":"2023-08-31T13:46:52+00:00","breadcrumb":{"@id":"https:\/\/claritas.ee\/ru\/kaebuste-esitamise-kord\/#breadcrumb"},"inLanguage":"ru-RU","potentialAction":[{"@type":"ReadAction","target":["https:\/\/claritas.ee\/ru\/kaebuste-esitamise-kord\/"]}]},{"@type":"ImageObject","inLanguage":"ru-RU","@id":"https:\/\/claritas.ee\/ru\/kaebuste-esitamise-kord\/#primaryimage","url":"https:\/\/claritas.ee\/wp-content\/uploads\/2023\/08\/eberhard-grossgasteiger-EcVGogpC1G4-unsplash.jpg","contentUrl":"https:\/\/claritas.ee\/wp-content\/uploads\/2023\/08\/eberhard-grossgasteiger-EcVGogpC1G4-unsplash.jpg","width":5472,"height":3648},{"@type":"BreadcrumbList","@id":"https:\/\/claritas.ee\/ru\/kaebuste-esitamise-kord\/#breadcrumb","itemListElement":[{"@type":"ListItem","position":1,"name":"Home","item":"https:\/\/claritas.ee\/ru\/"},{"@type":"ListItem","position":2,"name":"Kaebuste esitamise kord"}]},{"@type":"WebSite","@id":"https:\/\/claritas.ee\/#website","url":"https:\/\/claritas.ee\/","name":"Claritas","description":"Vaimse tervise kliinik","publisher":{"@id":"https:\/\/claritas.ee\/#organization"},"potentialAction":[{"@type":"SearchAction","target":{"@type":"EntryPoint","urlTemplate":"https:\/\/claritas.ee\/?s={search_term_string}"},"query-input":{"@type":"PropertyValueSpecification","valueRequired":true,"valueName":"search_term_string"}}],"inLanguage":"ru-RU"},{"@type":"Organization","@id":"https:\/\/claritas.ee\/#organization","name":"Claritas","url":"https:\/\/claritas.ee\/","logo":{"@type":"ImageObject","inLanguage":"ru-RU","@id":"https:\/\/claritas.ee\/#\/schema\/logo\/image\/","url":"https:\/\/claritas.ee\/wp-content\/uploads\/2023\/11\/logo-2.svg","contentUrl":"https:\/\/claritas.ee\/wp-content\/uploads\/2023\/11\/logo-2.svg","caption":"Claritas"},"image":{"@id":"https:\/\/claritas.ee\/#\/schema\/logo\/image\/"}}]}},"_links":{"self":[{"href":"https:\/\/claritas.ee\/ru\/wp-json\/wp\/v2\/pages\/1198","targetHints":{"allow":["GET"]}}],"collection":[{"href":"https:\/\/claritas.ee\/ru\/wp-json\/wp\/v2\/pages"}],"about":[{"href":"https:\/\/claritas.ee\/ru\/wp-json\/wp\/v2\/types\/page"}],"author":[{"embeddable":true,"href":"https:\/\/claritas.ee\/ru\/wp-json\/wp\/v2\/users\/6"}],"replies":[{"embeddable":true,"href":"https:\/\/claritas.ee\/ru\/wp-json\/wp\/v2\/comments?post=1198"}],"version-history":[{"count":0,"href":"https:\/\/claritas.ee\/ru\/wp-json\/wp\/v2\/pages\/1198\/revisions"}],"wp:featuredmedia":[{"embeddable":true,"href":"https:\/\/claritas.ee\/ru\/wp-json\/wp\/v2\/media\/1099"}],"wp:attachment":[{"href":"https:\/\/claritas.ee\/ru\/wp-json\/wp\/v2\/media?parent=1198"}],"curies":[{"name":"wp","href":"https:\/\/api.w.org\/{rel}","templated":true}]}}