{"id":1188,"date":"2024-08-18T13:45:39","date_gmt":"2024-08-18T10:45:39","guid":{"rendered":"https:\/\/claritas.ee\/ath-diagnoosimine\/"},"modified":"2024-08-18T13:45:39","modified_gmt":"2024-08-18T10:45:39","slug":"ath-diagnoosimine","status":"publish","type":"page","link":"https:\/\/claritas.ee\/ru\/ath-diagnoosimine\/","title":{"rendered":"ATH diagnoosimine"},"content":{"rendered":"<h1>Aktiivsus- ja t\u00e4helepanuh\u00e4ire diagnoosimine<\/h1>\n<p><span style=\"font-weight: 400;\">Aktiivsus- ja t\u00e4helepanuh\u00e4ire (ATH) korral on tegemist neuroarengulise h\u00e4irega, mida iseloomustavad kolm peamist s\u00fcmptomit: t\u00e4helepanematus, h\u00fcperaktiivsus ja impulsiivsus.\u00a0<\/span><\/p>\n","protected":false},"excerpt":{"rendered":"<p>Aktiivsus- ja t\u00e4helepanuh\u00e4ire diagnoosimine Aktiivsus- ja t\u00e4helepanuh\u00e4ire (ATH) korral on tegemist neuroarengulise h\u00e4irega, mida iseloomustavad kolm peamist s\u00fcmptomit: t\u00e4helepanematus, h\u00fcperaktiivsus ja impulsiivsus.\u00a0<\/p>\n","protected":false},"author":5,"featured_media":1131,"parent":0,"menu_order":0,"comment_status":"closed","ping_status":"closed","template":"templates\/tpl_services.php","meta":{"_acf_changed":false,"footnotes":""},"class_list":["post-1188","page","type-page","status-publish","has-post-thumbnail","hentry","entry"],"acf":[],"yoast_head":"<!-- This site is optimized with the Yoast SEO plugin v27.3 - https:\/\/yoast.com\/product\/yoast-seo-wordpress\/ -->\n<title>ATH diagnoosimine - Claritas<\/title>\n<meta name=\"robots\" content=\"index, follow, max-snippet:-1, max-image-preview:large, max-video-preview:-1\" \/>\n<link rel=\"canonical\" href=\"https:\/\/claritas.ee\/ru\/ath-diagnoosimine\/\" \/>\n<meta property=\"og:locale\" content=\"ru_RU\" \/>\n<meta property=\"og:type\" content=\"article\" \/>\n<meta property=\"og:title\" content=\"ATH diagnoosimine - Claritas\" \/>\n<meta property=\"og:description\" content=\"Aktiivsus- ja t\u00e4helepanuh\u00e4ire diagnoosimine Aktiivsus- ja t\u00e4helepanuh\u00e4ire (ATH) korral on tegemist neuroarengulise h\u00e4irega, mida iseloomustavad kolm peamist s\u00fcmptomit: t\u00e4helepanematus, h\u00fcperaktiivsus ja impulsiivsus.\u00a0\" \/>\n<meta property=\"og:url\" content=\"https:\/\/claritas.ee\/ru\/ath-diagnoosimine\/\" \/>\n<meta property=\"og:site_name\" content=\"Claritas\" \/>\n<meta name=\"twitter:card\" content=\"summary_large_image\" \/>\n<script type=\"application\/ld+json\" class=\"yoast-schema-graph\">{\"@context\":\"https:\\\/\\\/schema.org\",\"@graph\":[{\"@type\":\"WebPage\",\"@id\":\"https:\\\/\\\/claritas.ee\\\/ru\\\/ath-diagnoosimine\\\/\",\"url\":\"https:\\\/\\\/claritas.ee\\\/ru\\\/ath-diagnoosimine\\\/\",\"name\":\"ATH diagnoosimine - Claritas\",\"isPartOf\":{\"@id\":\"https:\\\/\\\/claritas.ee\\\/#website\"},\"primaryImageOfPage\":{\"@id\":\"https:\\\/\\\/claritas.ee\\\/ru\\\/ath-diagnoosimine\\\/#primaryimage\"},\"image\":{\"@id\":\"https:\\\/\\\/claritas.ee\\\/ru\\\/ath-diagnoosimine\\\/#primaryimage\"},\"thumbnailUrl\":\"https:\\\/\\\/claritas.ee\\\/wp-content\\\/uploads\\\/2023\\\/10\\\/fig-heads.png\",\"datePublished\":\"2024-08-18T10:45:39+00:00\",\"breadcrumb\":{\"@id\":\"https:\\\/\\\/claritas.ee\\\/ru\\\/ath-diagnoosimine\\\/#breadcrumb\"},\"inLanguage\":\"ru-RU\",\"potentialAction\":[{\"@type\":\"ReadAction\",\"target\":[\"https:\\\/\\\/claritas.ee\\\/ru\\\/ath-diagnoosimine\\\/\"]}]},{\"@type\":\"ImageObject\",\"inLanguage\":\"ru-RU\",\"@id\":\"https:\\\/\\\/claritas.ee\\\/ru\\\/ath-diagnoosimine\\\/#primaryimage\",\"url\":\"https:\\\/\\\/claritas.ee\\\/wp-content\\\/uploads\\\/2023\\\/10\\\/fig-heads.png\",\"contentUrl\":\"https:\\\/\\\/claritas.ee\\\/wp-content\\\/uploads\\\/2023\\\/10\\\/fig-heads.png\",\"width\":1985,\"height\":1985},{\"@type\":\"BreadcrumbList\",\"@id\":\"https:\\\/\\\/claritas.ee\\\/ru\\\/ath-diagnoosimine\\\/#breadcrumb\",\"itemListElement\":[{\"@type\":\"ListItem\",\"position\":1,\"name\":\"Home\",\"item\":\"https:\\\/\\\/claritas.ee\\\/ru\\\/\"},{\"@type\":\"ListItem\",\"position\":2,\"name\":\"ATH diagnoosimine\"}]},{\"@type\":\"WebSite\",\"@id\":\"https:\\\/\\\/claritas.ee\\\/#website\",\"url\":\"https:\\\/\\\/claritas.ee\\\/\",\"name\":\"Claritas\",\"description\":\"Vaimse tervise kliinik\",\"publisher\":{\"@id\":\"https:\\\/\\\/claritas.ee\\\/#organization\"},\"potentialAction\":[{\"@type\":\"SearchAction\",\"target\":{\"@type\":\"EntryPoint\",\"urlTemplate\":\"https:\\\/\\\/claritas.ee\\\/?s={search_term_string}\"},\"query-input\":{\"@type\":\"PropertyValueSpecification\",\"valueRequired\":true,\"valueName\":\"search_term_string\"}}],\"inLanguage\":\"ru-RU\"},{\"@type\":\"Organization\",\"@id\":\"https:\\\/\\\/claritas.ee\\\/#organization\",\"name\":\"Claritas\",\"url\":\"https:\\\/\\\/claritas.ee\\\/\",\"logo\":{\"@type\":\"ImageObject\",\"inLanguage\":\"ru-RU\",\"@id\":\"https:\\\/\\\/claritas.ee\\\/#\\\/schema\\\/logo\\\/image\\\/\",\"url\":\"https:\\\/\\\/claritas.ee\\\/wp-content\\\/uploads\\\/2023\\\/11\\\/logo-2.svg\",\"contentUrl\":\"https:\\\/\\\/claritas.ee\\\/wp-content\\\/uploads\\\/2023\\\/11\\\/logo-2.svg\",\"caption\":\"Claritas\"},\"image\":{\"@id\":\"https:\\\/\\\/claritas.ee\\\/#\\\/schema\\\/logo\\\/image\\\/\"}}]}<\/script>\n<!-- \/ Yoast SEO plugin. -->","yoast_head_json":{"title":"ATH diagnoosimine - Claritas","robots":{"index":"index","follow":"follow","max-snippet":"max-snippet:-1","max-image-preview":"max-image-preview:large","max-video-preview":"max-video-preview:-1"},"canonical":"https:\/\/claritas.ee\/ru\/ath-diagnoosimine\/","og_locale":"ru_RU","og_type":"article","og_title":"ATH diagnoosimine - Claritas","og_description":"Aktiivsus- ja t\u00e4helepanuh\u00e4ire diagnoosimine Aktiivsus- ja t\u00e4helepanuh\u00e4ire (ATH) korral on tegemist neuroarengulise h\u00e4irega, mida iseloomustavad kolm peamist s\u00fcmptomit: t\u00e4helepanematus, h\u00fcperaktiivsus ja impulsiivsus.\u00a0","og_url":"https:\/\/claritas.ee\/ru\/ath-diagnoosimine\/","og_site_name":"Claritas","twitter_card":"summary_large_image","schema":{"@context":"https:\/\/schema.org","@graph":[{"@type":"WebPage","@id":"https:\/\/claritas.ee\/ru\/ath-diagnoosimine\/","url":"https:\/\/claritas.ee\/ru\/ath-diagnoosimine\/","name":"ATH diagnoosimine - Claritas","isPartOf":{"@id":"https:\/\/claritas.ee\/#website"},"primaryImageOfPage":{"@id":"https:\/\/claritas.ee\/ru\/ath-diagnoosimine\/#primaryimage"},"image":{"@id":"https:\/\/claritas.ee\/ru\/ath-diagnoosimine\/#primaryimage"},"thumbnailUrl":"https:\/\/claritas.ee\/wp-content\/uploads\/2023\/10\/fig-heads.png","datePublished":"2024-08-18T10:45:39+00:00","breadcrumb":{"@id":"https:\/\/claritas.ee\/ru\/ath-diagnoosimine\/#breadcrumb"},"inLanguage":"ru-RU","potentialAction":[{"@type":"ReadAction","target":["https:\/\/claritas.ee\/ru\/ath-diagnoosimine\/"]}]},{"@type":"ImageObject","inLanguage":"ru-RU","@id":"https:\/\/claritas.ee\/ru\/ath-diagnoosimine\/#primaryimage","url":"https:\/\/claritas.ee\/wp-content\/uploads\/2023\/10\/fig-heads.png","contentUrl":"https:\/\/claritas.ee\/wp-content\/uploads\/2023\/10\/fig-heads.png","width":1985,"height":1985},{"@type":"BreadcrumbList","@id":"https:\/\/claritas.ee\/ru\/ath-diagnoosimine\/#breadcrumb","itemListElement":[{"@type":"ListItem","position":1,"name":"Home","item":"https:\/\/claritas.ee\/ru\/"},{"@type":"ListItem","position":2,"name":"ATH diagnoosimine"}]},{"@type":"WebSite","@id":"https:\/\/claritas.ee\/#website","url":"https:\/\/claritas.ee\/","name":"Claritas","description":"Vaimse tervise kliinik","publisher":{"@id":"https:\/\/claritas.ee\/#organization"},"potentialAction":[{"@type":"SearchAction","target":{"@type":"EntryPoint","urlTemplate":"https:\/\/claritas.ee\/?s={search_term_string}"},"query-input":{"@type":"PropertyValueSpecification","valueRequired":true,"valueName":"search_term_string"}}],"inLanguage":"ru-RU"},{"@type":"Organization","@id":"https:\/\/claritas.ee\/#organization","name":"Claritas","url":"https:\/\/claritas.ee\/","logo":{"@type":"ImageObject","inLanguage":"ru-RU","@id":"https:\/\/claritas.ee\/#\/schema\/logo\/image\/","url":"https:\/\/claritas.ee\/wp-content\/uploads\/2023\/11\/logo-2.svg","contentUrl":"https:\/\/claritas.ee\/wp-content\/uploads\/2023\/11\/logo-2.svg","caption":"Claritas"},"image":{"@id":"https:\/\/claritas.ee\/#\/schema\/logo\/image\/"}}]}},"_links":{"self":[{"href":"https:\/\/claritas.ee\/ru\/wp-json\/wp\/v2\/pages\/1188","targetHints":{"allow":["GET"]}}],"collection":[{"href":"https:\/\/claritas.ee\/ru\/wp-json\/wp\/v2\/pages"}],"about":[{"href":"https:\/\/claritas.ee\/ru\/wp-json\/wp\/v2\/types\/page"}],"author":[{"embeddable":true,"href":"https:\/\/claritas.ee\/ru\/wp-json\/wp\/v2\/users\/5"}],"replies":[{"embeddable":true,"href":"https:\/\/claritas.ee\/ru\/wp-json\/wp\/v2\/comments?post=1188"}],"version-history":[{"count":0,"href":"https:\/\/claritas.ee\/ru\/wp-json\/wp\/v2\/pages\/1188\/revisions"}],"wp:featuredmedia":[{"embeddable":true,"href":"https:\/\/claritas.ee\/ru\/wp-json\/wp\/v2\/media\/1131"}],"wp:attachment":[{"href":"https:\/\/claritas.ee\/ru\/wp-json\/wp\/v2\/media?parent=1188"}],"curies":[{"name":"wp","href":"https:\/\/api.w.org\/{rel}","templated":true}]}}