{"id":1186,"date":"2023-07-05T08:41:04","date_gmt":"2023-07-05T05:41:04","guid":{"rendered":"https:\/\/claritas.ee\/claritas\/"},"modified":"2024-11-14T09:51:41","modified_gmt":"2024-11-14T07:51:41","slug":"claritas","status":"publish","type":"page","link":"https:\/\/claritas.ee\/ru\/","title":{"rendered":"Claritas"},"content":{"rendered":"<h2>\u041f\u0441\u0438\u0445\u043e\u043b\u043e\u0433\u0438\u0447\u0435\u0441\u043a\u0430\u044f \u043a\u043e\u043d\u0441\u0443\u043b\u044c\u0442\u0430\u0446\u0438\u044f \u0434\u043b\u044f \u0432\u0437\u0440\u043e\u0441\u043b\u044b\u0445<\/h2>\n<p>\u0417\u0430\u043f\u0438\u0441\u0430\u0442\u044c\u0441\u044f \u043d\u0430 \u043f\u0440\u0438\u0451\u043c \u043c\u043e\u0436\u043d\u043e \u043f\u043e \u0442\u0435\u043b. <a href=\"tel:+3726001015\">+3726001015<\/a><br \/>\n\u0438\u043b\u0438<a href=\"mailto:info@claritas.ee\"> info@claritas.ee<\/a><\/p>\n<p>&nbsp;<\/p>\n","protected":false},"excerpt":{"rendered":"<p>\u041f\u0441\u0438\u0445\u043e\u043b\u043e\u0433\u0438\u0447\u0435\u0441\u043a\u0430\u044f \u043a\u043e\u043d\u0441\u0443\u043b\u044c\u0442\u0430\u0446\u0438\u044f \u0434\u043b\u044f \u0432\u0437\u0440\u043e\u0441\u043b\u044b\u0445 \u0417\u0430\u043f\u0438\u0441\u0430\u0442\u044c\u0441\u044f \u043d\u0430 \u043f\u0440\u0438\u0451\u043c \u043c\u043e\u0436\u043d\u043e \u043f\u043e \u0442\u0435\u043b. +3726001015 \u0438\u043b\u0438 info@claritas.ee &nbsp;<\/p>\n","protected":false},"author":6,"featured_media":1091,"parent":0,"menu_order":0,"comment_status":"closed","ping_status":"closed","template":"","meta":{"_acf_changed":false,"footnotes":""},"class_list":["post-1186","page","type-page","status-publish","has-post-thumbnail","hentry","entry"],"acf":[],"yoast_head":"<!-- This site is optimized with the Yoast SEO plugin v27.3 - https:\/\/yoast.com\/product\/yoast-seo-wordpress\/ -->\n<title>Claritas - Claritas<\/title>\n<meta name=\"description\" content=\"Claritas pakub ps\u00fchholoogilist n\u00f5ustamist t\u00e4iskasvanutele ning tegevusteraapia teenuseid beebidele ja lastele.\" \/>\n<meta name=\"robots\" content=\"index, follow, max-snippet:-1, max-image-preview:large, max-video-preview:-1\" \/>\n<link rel=\"canonical\" href=\"https:\/\/claritas.ee\/ru\/\" \/>\n<meta property=\"og:locale\" content=\"ru_RU\" \/>\n<meta property=\"og:type\" content=\"article\" \/>\n<meta property=\"og:title\" content=\"Claritas - Claritas\" \/>\n<meta property=\"og:description\" content=\"Claritas pakub ps\u00fchholoogilist n\u00f5ustamist t\u00e4iskasvanutele ning tegevusteraapia teenuseid beebidele ja lastele.\" \/>\n<meta property=\"og:url\" content=\"https:\/\/claritas.ee\/ru\/\" \/>\n<meta property=\"og:site_name\" content=\"Claritas\" \/>\n<meta property=\"article:modified_time\" content=\"2024-11-14T07:51:41+00:00\" \/>\n<meta name=\"twitter:card\" content=\"summary_large_image\" \/>\n<meta name=\"twitter:label1\" content=\"\u041f\u0440\u0438\u043c\u0435\u0440\u043d\u043e\u0435 \u0432\u0440\u0435\u043c\u044f \u0434\u043b\u044f \u0447\u0442\u0435\u043d\u0438\u044f\" \/>\n\t<meta name=\"twitter:data1\" content=\"1 \u043c\u0438\u043d\u0443\u0442\u0430\" \/>\n<script type=\"application\/ld+json\" class=\"yoast-schema-graph\">{\"@context\":\"https:\\\/\\\/schema.org\",\"@graph\":[{\"@type\":\"WebPage\",\"@id\":\"https:\\\/\\\/claritas.ee\\\/ru\\\/\",\"url\":\"https:\\\/\\\/claritas.ee\\\/ru\\\/\",\"name\":\"Claritas - Claritas\",\"isPartOf\":{\"@id\":\"https:\\\/\\\/claritas.ee\\\/#website\"},\"primaryImageOfPage\":{\"@id\":\"https:\\\/\\\/claritas.ee\\\/ru\\\/#primaryimage\"},\"image\":{\"@id\":\"https:\\\/\\\/claritas.ee\\\/ru\\\/#primaryimage\"},\"thumbnailUrl\":\"https:\\\/\\\/claritas.ee\\\/wp-content\\\/uploads\\\/2023\\\/08\\\/fig-heads.svg\",\"datePublished\":\"2023-07-05T05:41:04+00:00\",\"dateModified\":\"2024-11-14T07:51:41+00:00\",\"description\":\"Claritas pakub ps\u00fchholoogilist n\u00f5ustamist t\u00e4iskasvanutele ning tegevusteraapia teenuseid beebidele ja lastele.\",\"breadcrumb\":{\"@id\":\"https:\\\/\\\/claritas.ee\\\/ru\\\/#breadcrumb\"},\"inLanguage\":\"ru-RU\",\"potentialAction\":[{\"@type\":\"ReadAction\",\"target\":[\"https:\\\/\\\/claritas.ee\\\/ru\\\/\"]}]},{\"@type\":\"ImageObject\",\"inLanguage\":\"ru-RU\",\"@id\":\"https:\\\/\\\/claritas.ee\\\/ru\\\/#primaryimage\",\"url\":\"https:\\\/\\\/claritas.ee\\\/wp-content\\\/uploads\\\/2023\\\/08\\\/fig-heads.svg\",\"contentUrl\":\"https:\\\/\\\/claritas.ee\\\/wp-content\\\/uploads\\\/2023\\\/08\\\/fig-heads.svg\"},{\"@type\":\"BreadcrumbList\",\"@id\":\"https:\\\/\\\/claritas.ee\\\/ru\\\/#breadcrumb\",\"itemListElement\":[{\"@type\":\"ListItem\",\"position\":1,\"name\":\"Home\",\"item\":\"https:\\\/\\\/claritas.ee\\\/ru\\\/\"},{\"@type\":\"ListItem\",\"position\":2,\"name\":\"Claritas\"}]},{\"@type\":\"WebSite\",\"@id\":\"https:\\\/\\\/claritas.ee\\\/#website\",\"url\":\"https:\\\/\\\/claritas.ee\\\/\",\"name\":\"Claritas\",\"description\":\"Vaimse tervise kliinik\",\"publisher\":{\"@id\":\"https:\\\/\\\/claritas.ee\\\/#organization\"},\"potentialAction\":[{\"@type\":\"SearchAction\",\"target\":{\"@type\":\"EntryPoint\",\"urlTemplate\":\"https:\\\/\\\/claritas.ee\\\/?s={search_term_string}\"},\"query-input\":{\"@type\":\"PropertyValueSpecification\",\"valueRequired\":true,\"valueName\":\"search_term_string\"}}],\"inLanguage\":\"ru-RU\"},{\"@type\":\"Organization\",\"@id\":\"https:\\\/\\\/claritas.ee\\\/#organization\",\"name\":\"Claritas\",\"url\":\"https:\\\/\\\/claritas.ee\\\/\",\"logo\":{\"@type\":\"ImageObject\",\"inLanguage\":\"ru-RU\",\"@id\":\"https:\\\/\\\/claritas.ee\\\/#\\\/schema\\\/logo\\\/image\\\/\",\"url\":\"https:\\\/\\\/claritas.ee\\\/wp-content\\\/uploads\\\/2023\\\/11\\\/logo-2.svg\",\"contentUrl\":\"https:\\\/\\\/claritas.ee\\\/wp-content\\\/uploads\\\/2023\\\/11\\\/logo-2.svg\",\"caption\":\"Claritas\"},\"image\":{\"@id\":\"https:\\\/\\\/claritas.ee\\\/#\\\/schema\\\/logo\\\/image\\\/\"}}]}<\/script>\n<!-- \/ Yoast SEO plugin. -->","yoast_head_json":{"title":"Claritas - Claritas","description":"Claritas pakub ps\u00fchholoogilist n\u00f5ustamist t\u00e4iskasvanutele ning tegevusteraapia teenuseid beebidele ja lastele.","robots":{"index":"index","follow":"follow","max-snippet":"max-snippet:-1","max-image-preview":"max-image-preview:large","max-video-preview":"max-video-preview:-1"},"canonical":"https:\/\/claritas.ee\/ru\/","og_locale":"ru_RU","og_type":"article","og_title":"Claritas - Claritas","og_description":"Claritas pakub ps\u00fchholoogilist n\u00f5ustamist t\u00e4iskasvanutele ning tegevusteraapia teenuseid beebidele ja lastele.","og_url":"https:\/\/claritas.ee\/ru\/","og_site_name":"Claritas","article_modified_time":"2024-11-14T07:51:41+00:00","twitter_card":"summary_large_image","twitter_misc":{"\u041f\u0440\u0438\u043c\u0435\u0440\u043d\u043e\u0435 \u0432\u0440\u0435\u043c\u044f \u0434\u043b\u044f \u0447\u0442\u0435\u043d\u0438\u044f":"1 \u043c\u0438\u043d\u0443\u0442\u0430"},"schema":{"@context":"https:\/\/schema.org","@graph":[{"@type":"WebPage","@id":"https:\/\/claritas.ee\/ru\/","url":"https:\/\/claritas.ee\/ru\/","name":"Claritas - Claritas","isPartOf":{"@id":"https:\/\/claritas.ee\/#website"},"primaryImageOfPage":{"@id":"https:\/\/claritas.ee\/ru\/#primaryimage"},"image":{"@id":"https:\/\/claritas.ee\/ru\/#primaryimage"},"thumbnailUrl":"https:\/\/claritas.ee\/wp-content\/uploads\/2023\/08\/fig-heads.svg","datePublished":"2023-07-05T05:41:04+00:00","dateModified":"2024-11-14T07:51:41+00:00","description":"Claritas pakub ps\u00fchholoogilist n\u00f5ustamist t\u00e4iskasvanutele ning tegevusteraapia teenuseid beebidele ja lastele.","breadcrumb":{"@id":"https:\/\/claritas.ee\/ru\/#breadcrumb"},"inLanguage":"ru-RU","potentialAction":[{"@type":"ReadAction","target":["https:\/\/claritas.ee\/ru\/"]}]},{"@type":"ImageObject","inLanguage":"ru-RU","@id":"https:\/\/claritas.ee\/ru\/#primaryimage","url":"https:\/\/claritas.ee\/wp-content\/uploads\/2023\/08\/fig-heads.svg","contentUrl":"https:\/\/claritas.ee\/wp-content\/uploads\/2023\/08\/fig-heads.svg"},{"@type":"BreadcrumbList","@id":"https:\/\/claritas.ee\/ru\/#breadcrumb","itemListElement":[{"@type":"ListItem","position":1,"name":"Home","item":"https:\/\/claritas.ee\/ru\/"},{"@type":"ListItem","position":2,"name":"Claritas"}]},{"@type":"WebSite","@id":"https:\/\/claritas.ee\/#website","url":"https:\/\/claritas.ee\/","name":"Claritas","description":"Vaimse tervise kliinik","publisher":{"@id":"https:\/\/claritas.ee\/#organization"},"potentialAction":[{"@type":"SearchAction","target":{"@type":"EntryPoint","urlTemplate":"https:\/\/claritas.ee\/?s={search_term_string}"},"query-input":{"@type":"PropertyValueSpecification","valueRequired":true,"valueName":"search_term_string"}}],"inLanguage":"ru-RU"},{"@type":"Organization","@id":"https:\/\/claritas.ee\/#organization","name":"Claritas","url":"https:\/\/claritas.ee\/","logo":{"@type":"ImageObject","inLanguage":"ru-RU","@id":"https:\/\/claritas.ee\/#\/schema\/logo\/image\/","url":"https:\/\/claritas.ee\/wp-content\/uploads\/2023\/11\/logo-2.svg","contentUrl":"https:\/\/claritas.ee\/wp-content\/uploads\/2023\/11\/logo-2.svg","caption":"Claritas"},"image":{"@id":"https:\/\/claritas.ee\/#\/schema\/logo\/image\/"}}]}},"_links":{"self":[{"href":"https:\/\/claritas.ee\/ru\/wp-json\/wp\/v2\/pages\/1186","targetHints":{"allow":["GET"]}}],"collection":[{"href":"https:\/\/claritas.ee\/ru\/wp-json\/wp\/v2\/pages"}],"about":[{"href":"https:\/\/claritas.ee\/ru\/wp-json\/wp\/v2\/types\/page"}],"author":[{"embeddable":true,"href":"https:\/\/claritas.ee\/ru\/wp-json\/wp\/v2\/users\/6"}],"replies":[{"embeddable":true,"href":"https:\/\/claritas.ee\/ru\/wp-json\/wp\/v2\/comments?post=1186"}],"version-history":[{"count":4,"href":"https:\/\/claritas.ee\/ru\/wp-json\/wp\/v2\/pages\/1186\/revisions"}],"predecessor-version":[{"id":1388,"href":"https:\/\/claritas.ee\/ru\/wp-json\/wp\/v2\/pages\/1186\/revisions\/1388"}],"wp:featuredmedia":[{"embeddable":true,"href":"https:\/\/claritas.ee\/ru\/wp-json\/wp\/v2\/media\/1091"}],"wp:attachment":[{"href":"https:\/\/claritas.ee\/ru\/wp-json\/wp\/v2\/media?parent=1186"}],"curies":[{"name":"wp","href":"https:\/\/api.w.org\/{rel}","templated":true}]}}